{"id":2,"date":"2023-11-21T12:49:49","date_gmt":"2023-11-21T12:49:49","guid":{"rendered":"http:\/\/katia.vlab.fi\/Kirpunkoti\/?page_id=2"},"modified":"2023-11-21T12:01:09","modified_gmt":"2023-11-21T12:01:09","slug":"sample-page","status":"publish","type":"page","link":"http:\/\/katia.vlab.fi\/Kirpunkoti\/index.php\/sample-page\/","title":{"rendered":"KirpunKoti"},"content":{"rendered":"\n<figure class=\"wp-block-image size-large\"><img fetchpriority=\"high\" decoding=\"async\" width=\"1024\" height=\"358\" src=\"http:\/\/katia.vlab.fi\/Kirpunkoti\/wp-content\/uploads\/2023\/11\/nettibanneri_2023_etusivu-1-1024x358.png\" alt=\"\" class=\"wp-image-12\" srcset=\"http:\/\/katia.vlab.fi\/Kirpunkoti\/wp-content\/uploads\/2023\/11\/nettibanneri_2023_etusivu-1-1024x358.png 1024w, http:\/\/katia.vlab.fi\/Kirpunkoti\/wp-content\/uploads\/2023\/11\/nettibanneri_2023_etusivu-1-300x105.png 300w, http:\/\/katia.vlab.fi\/Kirpunkoti\/wp-content\/uploads\/2023\/11\/nettibanneri_2023_etusivu-1-768x269.png 768w, http:\/\/katia.vlab.fi\/Kirpunkoti\/wp-content\/uploads\/2023\/11\/nettibanneri_2023_etusivu-1-1536x538.png 1536w, http:\/\/katia.vlab.fi\/Kirpunkoti\/wp-content\/uploads\/2023\/11\/nettibanneri_2023_etusivu-1.png 1600w\" sizes=\"(max-width: 1024px) 100vw, 1024px\" \/><\/figure>\n\n\n\n<h2 class=\"wp-block-heading\">Tervetuloa KirpunKotiin<\/h2>\n\n\n\n<p>Meill\u00e4 saa leikki\u00e4, nauraa ja rakastaa. Saa ihastua ja olla v\u00e4lill\u00e4 vihainenkin.<\/p>\n\n\n\n<p>Meid\u00e4n&nbsp;<strong>lastenhuoneen julisteet<\/strong>&nbsp;tai rakkaalla lapsella on monta nime\u00e4, eli&nbsp;<strong>julisteet<\/strong>,&nbsp;<strong>printit<\/strong>,&nbsp;<strong>posterit<\/strong>, yht\u00e4 kaikki. Ne on kuitenkin tehty kaikille lapsille, jotka tykk\u00e4\u00e4v\u00e4t seikkailla, sirkustella ja hassutella. Tai olla vain ihan hiljaa. Ja joista jokainen on&nbsp;<strong>ainutlaatuinen<\/strong>,&nbsp;<strong>ihana<\/strong>&nbsp;ja&nbsp;<strong>rakas<\/strong>. Sek\u00e4 aikuisille, jotka arvostavat&nbsp;<strong>tyylikk\u00e4it\u00e4 ja<\/strong>&nbsp;<strong>laadukkaita julisteita<\/strong>, jotka tehd\u00e4\u00e4n&nbsp;<strong>alusta loppuun Suomessa<\/strong>, tarkalleen ottaen&nbsp;<strong>Sipoossa.<\/strong><\/p>\n\n\n\n<p><strong>Julisteissa<\/strong>&nbsp;vilahtelevat luomani sympaattiset ja leikkis\u00e4t el\u00e4inhahmot, ja niit\u00e4 on h\u00f6ystetty kannustavin sanoin. Voit my\u00f6s&nbsp;<strong>personoida julisteet&nbsp;<\/strong>omalle rakkaallesi: Iirolle, Liisalle, Kaleville, Anskulle tai ihan kelle vaan.<\/p>\n\n\n\n<p><strong>Suosituimpia julisteita&nbsp;<\/strong>onkin ehdottomasti<strong>&nbsp;personoitavat julisteet lapsen omilla tiedoilla.&nbsp;<\/strong>Niit\u00e4 l\u00f6ytyykin vaikka ja mink\u00e4laisia:&nbsp;<strong>syntym\u00e4julisteet , 1:1 mittasuhteella lapsen syntym\u00e4pituuteen olevat syntym\u00e4julisteet (birth poster), kummitodistukset, harrastusjulisteet, kirjainjulistet ja nimijulisteet.<\/strong><\/p>\n\n\n\n<p><strong>Kotimaisten julisteiden<\/strong>&nbsp;lis\u00e4ksi l\u00f6yd\u00e4t my\u00f6s&nbsp;<strong>vauvakirjat: Mestaripiirros, keskosen oma vauvakirja<\/strong>&nbsp;ja&nbsp;<strong>Rakastettu, vauvavuosien muistoja<\/strong>, sek\u00e4&nbsp;<strong>virstanpylv\u00e4s vauvakortit<\/strong>&nbsp;ja n\u00e4m\u00e4 ovatkin mainioita lahjavinkkej\u00e4&nbsp;<strong>babyshowereihin<\/strong>,&nbsp;<strong>nimi\u00e4isiin\/ risti\u00e4isiin<\/strong>&nbsp;tai&nbsp;<strong>syntym\u00e4lahjaksi<\/strong>.<\/p>\n\n\n\n<p>Joten tervetuloa ostoksille&nbsp;<strong>KirpunKodin<\/strong>&nbsp;lapselliseen maailmaan ja&nbsp;<a href=\"https:\/\/www.facebook.com\/kirpunkoti\">facebookista<\/a>&nbsp;minut tavoittaa yleens\u00e4 p\u00e4iv\u00e4saikaan ja iltasella suhteellisen nopeasti, jos on jotain kysytt\u00e4v\u00e4\u00e4. Lis\u00e4ksi voit laittaa minulle s\u00e4hk\u00f6postia:&nbsp;<strong>kati@kirpunkoti.fi<\/strong><\/p>\n\n\n\n<h2 class=\"wp-block-heading\"><\/h2>\n\n\n\n<hr class=\"wp-block-separator has-alpha-channel-opacity\"\/>\n\n\n\n<h2 class=\"wp-block-heading\"><\/h2>\n\n\n\n<h2 class=\"wp-block-heading\">KirpunKodin Tarina<\/h2>\n\n\n\n<p>KirpunKodin takana toimii \u00e4iti, vaimo, esteetikko ja graafikko. M\u00e4\u00e4r\u00e4tietoinen, el\u00e4inrakas, hyv\u00e4ntahtoinen ja l\u00e4mmin ihminen, juureni ovat maalla ja luonnosta saan edelleen voimaa ja se on minulle t\u00e4rke\u00e4.<br><br>Pienest\u00e4 tyt\u00f6st\u00e4 l\u00e4htien olen piirt\u00e4nyt, maalannut, tehnyt sarjakuvia ja &#8220;kirjoja&#8221; vihkosista ahkerasti. Olen muovaillut, tehnyt paperinukkeja ja viel\u00e4 kertaalleeen piirt\u00e4nyt ja PALJON. My\u00f6hemmin opintojen parissa olen valokuvannut, kehitt\u00e4nyt kuvia ja uppoutunut tietokoneella erilaisten materiaalien ty\u00f6st\u00f6\u00f6n eri grafiikkaohjelmistoilla ja t\u00e4m\u00e4n asian parissa jatkoin viel\u00e4 toiseen tutkintoon.<br><br>KirpunKoti aloitti toimintansa loppuvuonna 2016 Facebookin kautta, kun tytt\u00e4reni &#8220;Kirppu&#8221; oli kaksivuotias ja opiskelin digitaalista muotoilua ja n\u00e4iden innoittamana perustin toiminimen. Nimi KirpunKoti juontaa juurensa tytt\u00e4rest\u00e4ni, jota kaikki alkoivat kutsumaan &#8220;Kirpuksi&#8221;. Ty\u00f6skentelin t\u00e4ll\u00f6in my\u00f6s samaan aikaan vakinaisessa pestiss\u00e4 graafikkona toisaalla. Koska tuotteeni saivat hyv\u00e4n vastaanoton Facebookissa, p\u00e4\u00e4tin osallistua Lapsimessuille kev\u00e4\u00e4ll\u00e4 2017. Ja siit\u00e4 se ajatus sitten l\u00e4hti 100%:seen yritt\u00e4jyyteen, kes\u00e4ll\u00e4 2017 irtisanouduin p\u00e4\u00e4ty\u00f6st\u00e4ni ja aloitin yritt\u00e4j\u00e4n\u00e4.<br><br>KirpunKodilla kaikki tuotteet ovat minun suunnittelemia\/ tekemi\u00e4 ja ne ovat myynniss\u00e4 nettikaupan lis\u00e4ksi muutamissa paikoissa ymp\u00e4ri Suomen. KirpunKodin arvoiksi m\u00e4\u00e4ritt\u00e4isin asiakasl\u00e4ht\u00f6isyyden, vastuullisuuden ja kotimaisuuden. Olen hakenut KirpunKodille Design from Finland ja Avainlippu \u2013merkit.<\/p>\n\n\n\n<p>Kiitos kaikille teille ihanille n\u00e4ist\u00e4 menneist\u00e4 vuosista, teit\u00e4 on ollut ilo palvella ja toivottavasti niit\u00e4 tulee viel\u00e4 paljon lis\u00e4\u00e4.<\/p>\n\n\n\n<p><br>Terkuin<\/p>\n\n\n\n<figure class=\"wp-block-image\"><img decoding=\"async\" src=\"https:\/\/kirpunkoti.mycashflow.fi\/files\/content_images\/Kati.png\" alt=\"Kati\"\/><\/figure>\n\n\n\n<p><br>\/\/ KirpunKoti<\/p>\n","protected":false},"excerpt":{"rendered":"<p>Tervetuloa KirpunKotiin Meill\u00e4 saa leikki\u00e4, nauraa ja rakastaa. Saa ihastua ja olla v\u00e4lill\u00e4 vihainenkin. Meid\u00e4n&nbsp;lastenhuoneen julisteet&nbsp;tai rakkaalla lapsella on monta nime\u00e4, eli&nbsp;julisteet,&nbsp;printit,&nbsp;posterit, yht\u00e4 kaikki. Ne on kuitenkin tehty kaikille lapsille, jotka tykk\u00e4\u00e4v\u00e4t seikkailla, sirkustella ja hassutella. Tai olla vain ihan hiljaa. Ja joista jokainen on&nbsp;ainutlaatuinen,&nbsp;ihana&nbsp;ja&nbsp;rakas. Sek\u00e4 aikuisille, jotka arvostavat&nbsp;tyylikk\u00e4it\u00e4 ja&nbsp;laadukkaita julisteita, jotka tehd\u00e4\u00e4n&nbsp;alusta loppuun Suomessa, [&hellip;]<\/p>\n","protected":false},"author":1,"featured_media":0,"parent":0,"menu_order":0,"comment_status":"closed","ping_status":"closed","template":"","meta":{"footnotes":""},"yoast_head":"<!-- This site is optimized with the Yoast SEO plugin v22.0 - https:\/\/yoast.com\/wordpress\/plugins\/seo\/ -->\n<title>KirpunKoti - KirpunKoti<\/title>\n<meta name=\"robots\" content=\"index, follow, max-snippet:-1, max-image-preview:large, max-video-preview:-1\" \/>\n<link rel=\"canonical\" href=\"http:\/\/katia.vlab.fi\/Kirpunkoti\/index.php\/sample-page\/\" \/>\n<meta property=\"og:locale\" content=\"en_US\" \/>\n<meta property=\"og:type\" content=\"article\" \/>\n<meta property=\"og:title\" content=\"KirpunKoti - KirpunKoti\" \/>\n<meta property=\"og:description\" content=\"Tervetuloa KirpunKotiin Meill\u00e4 saa leikki\u00e4, nauraa ja rakastaa. Saa ihastua ja olla v\u00e4lill\u00e4 vihainenkin. Meid\u00e4n&nbsp;lastenhuoneen julisteet&nbsp;tai rakkaalla lapsella on monta nime\u00e4, eli&nbsp;julisteet,&nbsp;printit,&nbsp;posterit, yht\u00e4 kaikki. Ne on kuitenkin tehty kaikille lapsille, jotka tykk\u00e4\u00e4v\u00e4t seikkailla, sirkustella ja hassutella. Tai olla vain ihan hiljaa. Ja joista jokainen on&nbsp;ainutlaatuinen,&nbsp;ihana&nbsp;ja&nbsp;rakas. Sek\u00e4 aikuisille, jotka arvostavat&nbsp;tyylikk\u00e4it\u00e4 ja&nbsp;laadukkaita julisteita, jotka tehd\u00e4\u00e4n&nbsp;alusta loppuun Suomessa, [&hellip;]\" \/>\n<meta property=\"og:url\" content=\"http:\/\/katia.vlab.fi\/Kirpunkoti\/index.php\/sample-page\/\" \/>\n<meta property=\"og:site_name\" content=\"KirpunKoti\" \/>\n<meta property=\"article:publisher\" content=\"https:\/\/www.facebook.com\/kirpunkoti\" \/>\n<meta property=\"article:modified_time\" content=\"2023-11-21T12:01:09+00:00\" \/>\n<meta property=\"og:image\" content=\"http:\/\/katia.vlab.fi\/Kirpunkoti\/wp-content\/uploads\/2023\/11\/nettibanneri_2023_etusivu-1-1024x358.png\" \/>\n<meta name=\"twitter:card\" content=\"summary_large_image\" \/>\n<meta name=\"twitter:label1\" content=\"Est. reading time\" \/>\n\t<meta name=\"twitter:data1\" content=\"2 minutes\" \/>\n<script type=\"application\/ld+json\" class=\"yoast-schema-graph\">{\"@context\":\"https:\/\/schema.org\",\"@graph\":[{\"@type\":\"WebPage\",\"@id\":\"http:\/\/katia.vlab.fi\/Kirpunkoti\/index.php\/sample-page\/\",\"url\":\"http:\/\/katia.vlab.fi\/Kirpunkoti\/index.php\/sample-page\/\",\"name\":\"KirpunKoti - KirpunKoti\",\"isPartOf\":{\"@id\":\"http:\/\/katia.vlab.fi\/Kirpunkoti\/#website\"},\"datePublished\":\"2023-11-21T12:49:49+00:00\",\"dateModified\":\"2023-11-21T12:01:09+00:00\",\"breadcrumb\":{\"@id\":\"http:\/\/katia.vlab.fi\/Kirpunkoti\/index.php\/sample-page\/#breadcrumb\"},\"inLanguage\":\"en\",\"potentialAction\":[{\"@type\":\"ReadAction\",\"target\":[\"http:\/\/katia.vlab.fi\/Kirpunkoti\/index.php\/sample-page\/\"]}]},{\"@type\":\"BreadcrumbList\",\"@id\":\"http:\/\/katia.vlab.fi\/Kirpunkoti\/index.php\/sample-page\/#breadcrumb\",\"itemListElement\":[{\"@type\":\"ListItem\",\"position\":1,\"name\":\"Home\",\"item\":\"http:\/\/katia.vlab.fi\/Kirpunkoti\/\"},{\"@type\":\"ListItem\",\"position\":2,\"name\":\"KirpunKoti\"}]},{\"@type\":\"WebSite\",\"@id\":\"http:\/\/katia.vlab.fi\/Kirpunkoti\/#website\",\"url\":\"http:\/\/katia.vlab.fi\/Kirpunkoti\/\",\"name\":\"KirpunKoti\",\"description\":\"\",\"publisher\":{\"@id\":\"http:\/\/katia.vlab.fi\/Kirpunkoti\/#organization\"},\"potentialAction\":[{\"@type\":\"SearchAction\",\"target\":{\"@type\":\"EntryPoint\",\"urlTemplate\":\"http:\/\/katia.vlab.fi\/Kirpunkoti\/?s={search_term_string}\"},\"query-input\":\"required name=search_term_string\"}],\"inLanguage\":\"en\"},{\"@type\":\"Organization\",\"@id\":\"http:\/\/katia.vlab.fi\/Kirpunkoti\/#organization\",\"name\":\"KirpunKoti\",\"url\":\"http:\/\/katia.vlab.fi\/Kirpunkoti\/\",\"logo\":{\"@type\":\"ImageObject\",\"inLanguage\":\"en\",\"@id\":\"http:\/\/katia.vlab.fi\/Kirpunkoti\/#\/schema\/logo\/image\/\",\"url\":\"http:\/\/katia.vlab.fi\/Kirpunkoti\/wp-content\/uploads\/2023\/11\/cropped-kirpunkoti-e1701168315984.webp\",\"contentUrl\":\"http:\/\/katia.vlab.fi\/Kirpunkoti\/wp-content\/uploads\/2023\/11\/cropped-kirpunkoti-e1701168315984.webp\",\"width\":200,\"height\":200,\"caption\":\"KirpunKoti\"},\"image\":{\"@id\":\"http:\/\/katia.vlab.fi\/Kirpunkoti\/#\/schema\/logo\/image\/\"},\"sameAs\":[\"https:\/\/www.facebook.com\/kirpunkoti\",\"https:\/\/www.instagram.com\/kirpunkoti\",\"https:\/\/www.pinterest.com\/kirpunkoti\"]}]}<\/script>\n<!-- \/ Yoast SEO plugin. -->","yoast_head_json":{"title":"KirpunKoti - KirpunKoti","robots":{"index":"index","follow":"follow","max-snippet":"max-snippet:-1","max-image-preview":"max-image-preview:large","max-video-preview":"max-video-preview:-1"},"canonical":"http:\/\/katia.vlab.fi\/Kirpunkoti\/index.php\/sample-page\/","og_locale":"en_US","og_type":"article","og_title":"KirpunKoti - KirpunKoti","og_description":"Tervetuloa KirpunKotiin Meill\u00e4 saa leikki\u00e4, nauraa ja rakastaa. Saa ihastua ja olla v\u00e4lill\u00e4 vihainenkin. Meid\u00e4n&nbsp;lastenhuoneen julisteet&nbsp;tai rakkaalla lapsella on monta nime\u00e4, eli&nbsp;julisteet,&nbsp;printit,&nbsp;posterit, yht\u00e4 kaikki. Ne on kuitenkin tehty kaikille lapsille, jotka tykk\u00e4\u00e4v\u00e4t seikkailla, sirkustella ja hassutella. Tai olla vain ihan hiljaa. Ja joista jokainen on&nbsp;ainutlaatuinen,&nbsp;ihana&nbsp;ja&nbsp;rakas. Sek\u00e4 aikuisille, jotka arvostavat&nbsp;tyylikk\u00e4it\u00e4 ja&nbsp;laadukkaita julisteita, jotka tehd\u00e4\u00e4n&nbsp;alusta loppuun Suomessa, [&hellip;]","og_url":"http:\/\/katia.vlab.fi\/Kirpunkoti\/index.php\/sample-page\/","og_site_name":"KirpunKoti","article_publisher":"https:\/\/www.facebook.com\/kirpunkoti","article_modified_time":"2023-11-21T12:01:09+00:00","og_image":[{"url":"http:\/\/katia.vlab.fi\/Kirpunkoti\/wp-content\/uploads\/2023\/11\/nettibanneri_2023_etusivu-1-1024x358.png"}],"twitter_card":"summary_large_image","twitter_misc":{"Est. reading time":"2 minutes"},"schema":{"@context":"https:\/\/schema.org","@graph":[{"@type":"WebPage","@id":"http:\/\/katia.vlab.fi\/Kirpunkoti\/index.php\/sample-page\/","url":"http:\/\/katia.vlab.fi\/Kirpunkoti\/index.php\/sample-page\/","name":"KirpunKoti - KirpunKoti","isPartOf":{"@id":"http:\/\/katia.vlab.fi\/Kirpunkoti\/#website"},"datePublished":"2023-11-21T12:49:49+00:00","dateModified":"2023-11-21T12:01:09+00:00","breadcrumb":{"@id":"http:\/\/katia.vlab.fi\/Kirpunkoti\/index.php\/sample-page\/#breadcrumb"},"inLanguage":"en","potentialAction":[{"@type":"ReadAction","target":["http:\/\/katia.vlab.fi\/Kirpunkoti\/index.php\/sample-page\/"]}]},{"@type":"BreadcrumbList","@id":"http:\/\/katia.vlab.fi\/Kirpunkoti\/index.php\/sample-page\/#breadcrumb","itemListElement":[{"@type":"ListItem","position":1,"name":"Home","item":"http:\/\/katia.vlab.fi\/Kirpunkoti\/"},{"@type":"ListItem","position":2,"name":"KirpunKoti"}]},{"@type":"WebSite","@id":"http:\/\/katia.vlab.fi\/Kirpunkoti\/#website","url":"http:\/\/katia.vlab.fi\/Kirpunkoti\/","name":"KirpunKoti","description":"","publisher":{"@id":"http:\/\/katia.vlab.fi\/Kirpunkoti\/#organization"},"potentialAction":[{"@type":"SearchAction","target":{"@type":"EntryPoint","urlTemplate":"http:\/\/katia.vlab.fi\/Kirpunkoti\/?s={search_term_string}"},"query-input":"required name=search_term_string"}],"inLanguage":"en"},{"@type":"Organization","@id":"http:\/\/katia.vlab.fi\/Kirpunkoti\/#organization","name":"KirpunKoti","url":"http:\/\/katia.vlab.fi\/Kirpunkoti\/","logo":{"@type":"ImageObject","inLanguage":"en","@id":"http:\/\/katia.vlab.fi\/Kirpunkoti\/#\/schema\/logo\/image\/","url":"http:\/\/katia.vlab.fi\/Kirpunkoti\/wp-content\/uploads\/2023\/11\/cropped-kirpunkoti-e1701168315984.webp","contentUrl":"http:\/\/katia.vlab.fi\/Kirpunkoti\/wp-content\/uploads\/2023\/11\/cropped-kirpunkoti-e1701168315984.webp","width":200,"height":200,"caption":"KirpunKoti"},"image":{"@id":"http:\/\/katia.vlab.fi\/Kirpunkoti\/#\/schema\/logo\/image\/"},"sameAs":["https:\/\/www.facebook.com\/kirpunkoti","https:\/\/www.instagram.com\/kirpunkoti","https:\/\/www.pinterest.com\/kirpunkoti"]}]}},"_links":{"self":[{"href":"http:\/\/katia.vlab.fi\/Kirpunkoti\/index.php\/wp-json\/wp\/v2\/pages\/2"}],"collection":[{"href":"http:\/\/katia.vlab.fi\/Kirpunkoti\/index.php\/wp-json\/wp\/v2\/pages"}],"about":[{"href":"http:\/\/katia.vlab.fi\/Kirpunkoti\/index.php\/wp-json\/wp\/v2\/types\/page"}],"author":[{"embeddable":true,"href":"http:\/\/katia.vlab.fi\/Kirpunkoti\/index.php\/wp-json\/wp\/v2\/users\/1"}],"replies":[{"embeddable":true,"href":"http:\/\/katia.vlab.fi\/Kirpunkoti\/index.php\/wp-json\/wp\/v2\/comments?post=2"}],"version-history":[{"count":3,"href":"http:\/\/katia.vlab.fi\/Kirpunkoti\/index.php\/wp-json\/wp\/v2\/pages\/2\/revisions"}],"predecessor-version":[{"id":31,"href":"http:\/\/katia.vlab.fi\/Kirpunkoti\/index.php\/wp-json\/wp\/v2\/pages\/2\/revisions\/31"}],"wp:attachment":[{"href":"http:\/\/katia.vlab.fi\/Kirpunkoti\/index.php\/wp-json\/wp\/v2\/media?parent=2"}],"curies":[{"name":"wp","href":"https:\/\/api.w.org\/{rel}","templated":true}]}}